{"id":7726,"date":"2024-11-07T07:22:59","date_gmt":"2024-11-07T07:22:59","guid":{"rendered":"https:\/\/dpsample.com\/wp_themes\/restobar\/?page_id=3"},"modified":"2025-08-14T23:20:05","modified_gmt":"2025-08-14T23:20:05","slug":"privacy-policy-2","status":"publish","type":"page","link":"https:\/\/restaurant-wildermann.at\/?page_id=7726","title":{"rendered":"AGB"},"content":{"rendered":"\t\t<div data-elementor-type=\"wp-page\" data-elementor-id=\"7726\" class=\"elementor elementor-7726\">\n\t\t\t\t<div class=\"elementor-element elementor-element-46937a25 e-flex e-con-boxed e-con e-parent\" data-id=\"46937a25\" data-element_type=\"container\" data-e-type=\"container\">\n\t\t\t\t\t<div class=\"e-con-inner\">\n\t\t\t\t<div class=\"elementor-element elementor-element-60abcafd elementor-widget elementor-widget-text-editor\" data-id=\"60abcafd\" data-element_type=\"widget\" data-e-type=\"widget\" data-widget_type=\"text-editor.default\">\n\t\t\t\t\t\t\t\t\t\n<div class=\"head\" data-v-47d81283=\"\">AGB Wilder Mann Speisen-Bestellplattform<\/div>\n<div data-v-47d81283=\"\">\u00a0<\/div>\n<div class=\"p\" data-v-47d81283=\"\">1. Durch diese AGB wird die von der Wilder Mann G.m.b.H. (FN 428708 d), W\u00e4hringer Stra\u00dfe 85, 1180 Wien (in der Folge: \u201eWilder Mann\u201c), betriebene Speisen-Bestellplattform geregelt. Diese AGB gelten ab 11.11.2020.<\/div>\n<div data-v-47d81283=\"\">\u00a0<\/div>\n<div class=\"p\" data-v-47d81283=\"\">2. Wilder Mann betreibt eine Speisen-Bestellplattform, die dem Kunden (per Internet und Anruf) den Abschluss eines Vertrages \u00fcber die Lieferung von Speisen erm\u00f6glicht.<\/div>\n<div data-v-47d81283=\"\">\u00a0<\/div>\n<div class=\"p\" data-v-47d81283=\"\">3. Die Wilder Mann hat hierf\u00fcr eine einheitliche Speisekarte in der alle Endverbraucherpreise inklusive Umsatzsteuer enthalten sind. Zus\u00e4tzliche Zustellkosten fallen f\u00fcr Bestellungen unter 15\u20ac an. Diese Betragen 2,90\u20ac pro Bestellvorgang.<\/div>\n<div data-v-47d81283=\"\">\u00a0<\/div>\n<div class=\"p\" data-v-47d81283=\"\">4. Die Bestell-Plattform leitet die Bestellung eines Kunden an unser Wilder Mann-Lokal weiter,und erm\u00f6glicht dem Kunden damit einen Vertragsabschluss \u00fcber die Zubereitung und Zustellung der gew\u00fcnschten Speisen mit dieser Betriebsgesellschaft nach Ma\u00dfgabe deren AGB. Die Firmen- und Kontaktdaten und ein Link auf deren AGB sind jederzeit unter www.restaurant-wildermann.at abrufbar. Der Kunde wird im Anlassfall auf der genannten Internetseite auch sofort informiert, falls das Lokal vor\u00fcbergehend (Umbau, Stromgebrechen) geschlossen ist Achtung: Kunden, die Inhaber einer optionalen Kundenkonten (\u201eBonus-Punkte-System\u201c) sind, nehmen zustimmend zur Kenntnis, dass sie ihre bis 11.11.2020 gesammelten Rabatt-Punkte verlieren, wenn sie nicht bis 11.11.2023 auf die neuen, seit 11.11.2020 geltenden \u201eAllgemeinen Gesch\u00e4ftsbedingungen f\u00fcr Wilder Mann Kundenkonten inklusive Rabatt-Punkte-System\u201c umsteigen. Der Umstieg erfolgt durch die jederzeit m\u00f6gliche Zustimmung des Kunden zu den neuen \u201eAllgemeinen Gesch\u00e4ftsbedingungen f\u00fcr die Wilder Mann Kunden inklusive Rabatt-Punkte-System\u201c unter www.restaurant-wildermann.at.<\/div>\n<div data-v-47d81283=\"\">\u00a0<\/div>\n<div class=\"p\" data-v-47d81283=\"\">5. Bezahlung: Der Kaufpreis ist mit der Bestellannahme vom Wilden Mann f\u00e4llig. Die Bezahlung kann vom Kunden kann \u00fcber PayPal Konto, Kreditkarte ,Paybox\/Handy oder per Sofort\u00fcberweisung erfolgen. Weiteres kann die Bezahlung auch direkt bei Zustellung direkt an den Zusteller gegen Unterzeichnung einer Empfangsbest\u00e4tigung erfolgen.<\/div>\n<div data-v-47d81283=\"\">\u00a0<\/div>\n<div class=\"p\" data-v-47d81283=\"\">6. Wilder Mann beh\u00e4lt sich das Recht vor, bei h\u00f6herer Gewalt oder technischen Problemen die Bestellplattform vor\u00fcbergehend zu deaktivieren und erkl\u00e4rt der Kunde, aus der vor\u00fcbergehenden Nichtverf\u00fcgbarkeit des Systems keine Ersatzanspr\u00fcche gegen Wilder Mann und die selbst\u00e4ndigen Betriebsgesellschaften der einzelnen Wilder Mann-Lokal zu erheben.<\/div>\n<div data-v-47d81283=\"\">\u00a0<\/div>\n<div class=\"p\" data-v-47d81283=\"\">7. Wilder Mann beh\u00e4lt sich das Recht vor, die technische Plattform (Website, Kundenkonto) f\u00fcr den Abschluss von Vertr\u00e4gen \u00fcber die Zubereitung und Zustellung von Speisen zwischen den Kunden und den selbst\u00e4ndigen Betriebsgesellschaften vom Wilder Mann zu \u00e4ndern (Gestaltung der Website, Software), insbesondere aber nicht ausschlie\u00dflich auf Grund von technischer Notwendigkeit, Modernisierung oder \u00c4nderung des corporate designs.<\/div>\n<div data-v-47d81283=\"\">\u00a0<\/div>\n<div class=\"p\" data-v-47d81283=\"\">8. Allf\u00e4llige \u00c4nderungen des Namens, der E-Mail-Adresse, der Zustelladresse oder der Telefonnummer des Kunden werden durch diesen umgehend durch eine E-Mail an <span \n                data-original-string='K0dJ0imy0yaHHZmZkTE9jQ==83fBZ+EJk6GkPxTa7hXV0SlXf6\/QEK\/vCsLh4UBikYsVSE='\n                class='apbct-email-encoder'\n                title='This contact has been encoded by Anti-Spam by CleanTalk. Click to decode. To finish the decoding make sure that JavaScript is enabled in your browser.'>of<span class=\"apbct-blur\">****<\/span>@<span class=\"apbct-blur\">*******************<\/span>nn.at<\/span> oder durch Aktualisierung dieser Daten im Kundenkonto auf der Website www.restaurant-wildermann.at gemeldet, um ein st\u00f6rungsfreies Funktionieren der Speisenzustellung durch die Betriebsgesellschaft des Wilden Mann-Lokales zu gew\u00e4hrleisten.<\/div>\n<div data-v-47d81283=\"\">\u00a0<\/div>\n<div class=\"p\" data-v-47d81283=\"\">9. Das Vertragsverh\u00e4ltnis zwischen Wilder Mann und dem Kunden kann von beiden Seiten jederzeit ohne K\u00fcndigungsfrist gek\u00fcndigt werden: Die K\u00fcndigung erfolgt seitens des Kunden durch eine formlose K\u00fcndigungserkl\u00e4rung an Wilder Mann per E-Mail an <span \n                data-original-string='yKhqyjacIOkB473JpsCiqg==83fhCtv+adozYXQ6lGt6xFBK\/oqfWnyuxxkWtbRppT2IEM='\n                class='apbct-email-encoder'\n                title='This contact has been encoded by Anti-Spam by CleanTalk. Click to decode. To finish the decoding make sure that JavaScript is enabled in your browser.'>of<span class=\"apbct-blur\">****<\/span>@<span class=\"apbct-blur\">*******************<\/span>nn.at<\/span>. Seitens Wilder Mann erfolgt die K\u00fcndigung durch eine postalische oder E-Mail-Nachricht an den Kunden.<\/div>\n<div data-v-47d81283=\"\">\u00a0<\/div>\n<div class=\"p\" data-v-47d81283=\"\">10. Wilder Mann beh\u00e4lt sich das Recht vor, die vorliegenden AGB abzu\u00e4ndern. Wilder Mann wird die Kunden von allf\u00e4lligen \u00c4nderungen der AGB per E-Mail, schriftlich oder durch einen entsprechenden Hinweis im online-Kundenkonto auf der Wilder Mann-Website benachrichtigen. Die Kunden k\u00f6nnen die jeweils g\u00fcltige Fassung der AGB im Internet unter www.restaurant-wildermann.at einsehen. Die \u00c4nderung gilt seitens des Kunden als akzeptiert, wenn er der \u00c4nderung entweder ausdr\u00fccklich durch Abgabe einer entsprechenden Erkl\u00e4rung in seinem Kunden-Konto auf der Wilder Mann-Website zustimmt oder aber nicht innerhalb von zwei Wochen nach Bekanntgabe der \u00c4nderung schriftlich oder per E-Mail an <span \n                data-original-string='OP8RJoHvwZsK45RsZiFdXg==83fS00YEcz3iohlHT\/ZTbMJ+PK\/88NY5YCw1YLlujBXH24='\n                class='apbct-email-encoder'\n                title='This contact has been encoded by Anti-Spam by CleanTalk. Click to decode. To finish the decoding make sure that JavaScript is enabled in your browser.'>of<span class=\"apbct-blur\">****<\/span>@<span class=\"apbct-blur\">*******************<\/span>nn.at<\/span> Widerspruch erhebt. Ein solcher Widerspruch f\u00fchrt zur Beendigung des Vertragsverh\u00e4ltnisses in jenem Zeitpunkt, an dem der Widerspruch bei Wilder Mann eintrifft. In der Benachrichtigung an den Kunden \u00fcber eine \u00c4nderung der AGB wird auf die M\u00f6glichkeit des Widerspruchs im Sinne des Konsumentenschutzgesetzes hingewiesen werden.<\/div>\n<div data-v-47d81283=\"\">\u00a0<\/div>\n<div class=\"p\" data-v-47d81283=\"\">11. Datenschutz: Wilder Mann verarbeitet die personenbezogenen Daten der Kunden im Einklang mit den datenschutzrechtlichen Vorschriften. S\u00e4mtliche Informationen zur Datenverarbeitung durch Wilder Mann gem\u00e4\u00df Art. 13 der Datenschutzgrundverordnung (DSGVO) und zu den Datenschutzrechten der Kunden sind jederzeit unter www.restaurant-wildermann.at abrufbar.<\/div>\t\t\t\t\t\t\t\t<\/div>\n\t\t\t\t\t<\/div>\n\t\t\t\t<\/div>\n\t\t\t\t<\/div>\n\t\t","protected":false},"excerpt":{"rendered":"<p>AGB Wilder Mann Speisen-Bestellplattform \u00a0 1. Durch diese AGB wird die von der Wilder Mann G.m.b.H. (FN 428708 d), W\u00e4hringer Stra\u00dfe 85, 1180 Wien (in der Folge: \u201eWilder Mann\u201c), betriebene Speisen-Bestellplattform geregelt. Diese AGB gelten ab 11.11.2020. \u00a0 2. Wilder Mann betreibt eine Speisen-Bestellplattform, die dem Kunden (per Internet und Anruf) den Abschluss eines Vertrages [&hellip;]<\/p>\n","protected":false},"author":1,"featured_media":0,"parent":0,"menu_order":0,"comment_status":"closed","ping_status":"open","template":"","meta":{"footnotes":""},"class_list":["post-7726","page","type-page","status-publish","hentry"],"_links":{"self":[{"href":"https:\/\/restaurant-wildermann.at\/index.php?rest_route=\/wp\/v2\/pages\/7726","targetHints":{"allow":["GET"]}}],"collection":[{"href":"https:\/\/restaurant-wildermann.at\/index.php?rest_route=\/wp\/v2\/pages"}],"about":[{"href":"https:\/\/restaurant-wildermann.at\/index.php?rest_route=\/wp\/v2\/types\/page"}],"author":[{"embeddable":true,"href":"https:\/\/restaurant-wildermann.at\/index.php?rest_route=\/wp\/v2\/users\/1"}],"replies":[{"embeddable":true,"href":"https:\/\/restaurant-wildermann.at\/index.php?rest_route=%2Fwp%2Fv2%2Fcomments&post=7726"}],"version-history":[{"count":5,"href":"https:\/\/restaurant-wildermann.at\/index.php?rest_route=\/wp\/v2\/pages\/7726\/revisions"}],"predecessor-version":[{"id":7933,"href":"https:\/\/restaurant-wildermann.at\/index.php?rest_route=\/wp\/v2\/pages\/7726\/revisions\/7933"}],"wp:attachment":[{"href":"https:\/\/restaurant-wildermann.at\/index.php?rest_route=%2Fwp%2Fv2%2Fmedia&parent=7726"}],"curies":[{"name":"wp","href":"https:\/\/api.w.org\/{rel}","templated":true}]}}