{"id":4464,"date":"2024-09-25T10:14:37","date_gmt":"2024-09-25T10:14:37","guid":{"rendered":"https:\/\/dpsample.com\/wp_themes\/smoke_restaurant\/?page_id=4464"},"modified":"2026-04-26T11:20:54","modified_gmt":"2026-04-26T11:20:54","slug":"home-2-2","status":"publish","type":"page","link":"https:\/\/restaurant-wildermann.at\/","title":{"rendered":"Restaurant"},"content":{"rendered":"\t\t<div data-elementor-type=\"wp-page\" data-elementor-id=\"4464\" class=\"elementor elementor-4464\">\n\t\t\t\t<div class=\"elementor-element elementor-element-06fc662 e-flex e-con-boxed e-con e-parent\" data-id=\"06fc662\" data-element_type=\"container\" data-e-type=\"container\" data-settings=\"{&quot;background_background&quot;:&quot;classic&quot;}\">\n\t\t\t\t\t<div class=\"e-con-inner\">\n\t\t<div class=\"elementor-element elementor-element-b7423cc e-con-full e-flex e-con e-child\" data-id=\"b7423cc\" data-element_type=\"container\" data-e-type=\"container\">\n\t\t<div class=\"elementor-element elementor-element-bf4e5e8 e-con-full e-flex e-con e-child\" data-id=\"bf4e5e8\" data-element_type=\"container\" data-e-type=\"container\">\n\t\t\t\t<div class=\"elementor-element elementor-element-2630540 elementor-widget elementor-widget-iheading\" data-id=\"2630540\" data-element_type=\"widget\" data-e-type=\"widget\" data-widget_type=\"iheading.default\">\n\t\t\t\t<div class=\"elementor-widget-container\">\n\t\t\t\t\t\t\t<div class=\"xp-heading\">\r\n\t        <span class=\"\">SEIT 1884<\/span>\t        <h1 class=\"main-head\">Wilder Mann<\/h1>\t    <\/div>\r\n\t    \t\t\t\t<\/div>\n\t\t\t\t<\/div>\n\t\t\t\t<\/div>\n\t\t<div class=\"elementor-element elementor-element-59dba64 e-con-full e-flex e-con e-child\" data-id=\"59dba64\" data-element_type=\"container\" data-e-type=\"container\">\n\t\t\t\t<div class=\"elementor-element elementor-element-90c7408 rotate_anim blur_background elementor-widget elementor-widget-text-path\" data-id=\"90c7408\" data-element_type=\"widget\" data-e-type=\"widget\" data-settings=\"{&quot;text&quot;:&quot;Bestellen Sie jetzt bei uns&quot;,&quot;start_point&quot;:{&quot;unit&quot;:&quot;%&quot;,&quot;size&quot;:&quot;&quot;,&quot;sizes&quot;:[]},&quot;link&quot;:{&quot;url&quot;:&quot;https:\\\/\\\/www.foodora.at\\\/restaurant\\\/tzyo\\\/restaurant-wilder-mann&quot;,&quot;is_external&quot;:&quot;&quot;,&quot;nofollow&quot;:&quot;&quot;,&quot;custom_attributes&quot;:&quot;&quot;}}\" data-widget_type=\"text-path.default\">\n\t\t\t\t\t\t\t<div class=\"e-text-path\" data-text=\"Bestellen Sie jetzt bei uns\" data-url=\"\/\/restaurant-wildermann.at\/wp-content\/plugins\/elementor\/assets\/svg-paths\/circle.svg\" data-link-url=\"https:\/\/www.foodora.at\/restaurant\/tzyo\/restaurant-wilder-mann\"><\/div>\n\t\t\t\t\t\t<\/div>\n\t\t\t\t<div class=\"elementor-element elementor-element-4451a82 elementor-absolute elementor-view-default elementor-widget elementor-widget-icon\" data-id=\"4451a82\" data-element_type=\"widget\" data-e-type=\"widget\" data-settings=\"{&quot;_position&quot;:&quot;absolute&quot;}\" data-widget_type=\"icon.default\">\n\t\t\t\t\t\t\t<div class=\"elementor-icon-wrapper\">\n\t\t\t<a class=\"elementor-icon\" href=\"https:\/\/www.foodora.at\/restaurant\/tzyo\/restaurant-wilder-mann\">\n\t\t\t<i aria-hidden=\"true\" class=\"ci ci-Restaurant\"><\/i>\t\t\t<\/a>\n\t\t<\/div>\n\t\t\t\t\t\t<\/div>\n\t\t\t\t<\/div>\n\t\t\t\t<\/div>\n\t\t\t\t\t<\/div>\n\t\t\t\t<\/div>\n\t\t<div class=\"elementor-element elementor-element-98e8b8c e-flex e-con-boxed e-con e-parent\" data-id=\"98e8b8c\" data-element_type=\"container\" data-e-type=\"container\" data-settings=\"{&quot;background_background&quot;:&quot;classic&quot;}\">\n\t\t\t\t\t<div class=\"e-con-inner\">\n\t\t<div class=\"elementor-element elementor-element-9865ee1 e-con-full e-flex e-con e-child\" data-id=\"9865ee1\" data-element_type=\"container\" data-e-type=\"container\">\n\t\t<div class=\"elementor-element elementor-element-a83b6e9 e-con-full e-flex e-con e-child\" data-id=\"a83b6e9\" data-element_type=\"container\" data-e-type=\"container\">\n\t\t\t\t<div class=\"elementor-element elementor-element-15e95b8 elementor-widget elementor-widget-image\" data-id=\"15e95b8\" data-element_type=\"widget\" data-e-type=\"widget\" data-widget_type=\"image.default\">\n\t\t\t\t\t\t\t\t\t\t\t\t\t\t\t<img fetchpriority=\"high\" decoding=\"async\" width=\"683\" height=\"1024\" src=\"https:\/\/restaurant-wildermann.at\/wp-content\/uploads\/2025\/08\/wilder-mann-about-us-1-683x1024.jpg\" class=\"attachment-large size-large wp-image-7755\" alt=\"\" srcset=\"https:\/\/restaurant-wildermann.at\/wp-content\/uploads\/2025\/08\/wilder-mann-about-us-1-683x1024.jpg 683w, https:\/\/restaurant-wildermann.at\/wp-content\/uploads\/2025\/08\/wilder-mann-about-us-1-200x300.jpg 200w, https:\/\/restaurant-wildermann.at\/wp-content\/uploads\/2025\/08\/wilder-mann-about-us-1-768x1152.jpg 768w, https:\/\/restaurant-wildermann.at\/wp-content\/uploads\/2025\/08\/wilder-mann-about-us-1-1024x1536.jpg 1024w, https:\/\/restaurant-wildermann.at\/wp-content\/uploads\/2025\/08\/wilder-mann-about-us-1.jpg 1365w\" sizes=\"(max-width: 683px) 100vw, 683px\" \/>\t\t\t\t\t\t\t\t\t\t\t\t\t\t\t<\/div>\n\t\t\t\t<\/div>\n\t\t<div class=\"elementor-element elementor-element-345264a e-con-full e-flex e-con e-child\" data-id=\"345264a\" data-element_type=\"container\" data-e-type=\"container\">\n\t\t\t\t<div class=\"elementor-element elementor-element-f07e2c0 e-transform elementor-widget elementor-widget-image\" data-id=\"f07e2c0\" data-element_type=\"widget\" data-e-type=\"widget\" data-settings=\"{&quot;_transform_rotateZ_effect&quot;:{&quot;unit&quot;:&quot;px&quot;,&quot;size&quot;:&quot;&quot;,&quot;sizes&quot;:[]},&quot;_transform_rotateZ_effect_tablet&quot;:{&quot;unit&quot;:&quot;deg&quot;,&quot;size&quot;:&quot;&quot;,&quot;sizes&quot;:[]},&quot;_transform_rotateZ_effect_mobile&quot;:{&quot;unit&quot;:&quot;deg&quot;,&quot;size&quot;:&quot;&quot;,&quot;sizes&quot;:[]}}\" data-widget_type=\"image.default\">\n\t\t\t\t\t\t\t\t\t\t\t\t\t\t\t<img decoding=\"async\" width=\"584\" height=\"427\" src=\"https:\/\/restaurant-wildermann.at\/wp-content\/uploads\/2025\/08\/wilder-mann-logo-png.png\" class=\"attachment-full size-full wp-image-7744\" alt=\"\" srcset=\"https:\/\/restaurant-wildermann.at\/wp-content\/uploads\/2025\/08\/wilder-mann-logo-png.png 584w, https:\/\/restaurant-wildermann.at\/wp-content\/uploads\/2025\/08\/wilder-mann-logo-png-300x219.png 300w\" sizes=\"(max-width: 584px) 100vw, 584px\" \/>\t\t\t\t\t\t\t\t\t\t\t\t\t\t\t<\/div>\n\t\t\t\t<div class=\"elementor-element elementor-element-e25a73e elementor-widget elementor-widget-iheading\" data-id=\"e25a73e\" data-element_type=\"widget\" data-e-type=\"widget\" data-widget_type=\"iheading.default\">\n\t\t\t\t<div class=\"elementor-widget-container\">\n\t\t\t\t\t\t\t<div class=\"xp-heading\">\r\n\t        <span class=\"\">\u00dcber uns<\/span>\t        <h2 class=\"main-head\">Die Sage vom \u201eWilden Mann\u201d<\/h2>\t    <\/div>\r\n\t    \t\t\t\t<\/div>\n\t\t\t\t<\/div>\n\t\t\t\t<div class=\"elementor-element elementor-element-9e35d89 border_clr elementor-widget-divider--separator-type-pattern elementor-widget-divider--view-line elementor-widget elementor-widget-divider\" data-id=\"9e35d89\" data-element_type=\"widget\" data-e-type=\"widget\" data-widget_type=\"divider.default\">\n\t\t\t\t\t\t\t<div class=\"elementor-divider\" style=\"--divider-pattern-url: url(&quot;data:image\/svg+xml,%3Csvg xmlns=&#039;http:\/\/www.w3.org\/2000\/svg&#039; preserveAspectRatio=&#039;none&#039; overflow=&#039;visible&#039; height=&#039;100%&#039; viewBox=&#039;0 0 24 24&#039; fill=&#039;none&#039; stroke=&#039;black&#039; stroke-width=&#039;1&#039; stroke-linecap=&#039;square&#039; stroke-miterlimit=&#039;10&#039;%3E%3Cpath d=&#039;M0,6c6,0,6,13,12,13S18,6,24,6&#039;\/%3E%3C\/svg%3E&quot;);\">\n\t\t\t<span class=\"elementor-divider-separator\">\n\t\t\t\t\t\t<\/span>\n\t\t<\/div>\n\t\t\t\t\t\t<\/div>\n\t\t\t\t<div class=\"elementor-element elementor-element-0e74dd2 elementor-widget elementor-widget-text-editor\" data-id=\"0e74dd2\" data-element_type=\"widget\" data-e-type=\"widget\" data-widget_type=\"text-editor.default\">\n\t\t\t\t\t\t\t\t\t<p>Es handelt sich hier um die Sage der Entstehung unseres Gasthauses die wir Ihnen, mit einem Augenzwinkern, nat\u00fcrlich nicht vorenthalten wollen.<\/p>\t\t\t\t\t\t\t\t<\/div>\n\t\t\t\t<div class=\"elementor-element elementor-element-8e5e1cd elementor-align-center elementor-widget elementor-widget-ibutton\" data-id=\"8e5e1cd\" data-element_type=\"widget\" data-e-type=\"widget\" data-widget_type=\"ibutton.default\">\n\t\t\t\t<div class=\"elementor-widget-container\">\n\t\t\t\t\t\t\t<div class=\"xp-button\">\r\n\t\t\t<a href=\"https:\/\/restaurant-wildermann.at\/?page_id=718\" class=\"xptf-btn xptf-btn-border elementor-animation-float\">Lesen Sie unsere Geschichte<\/a>\r\n\t    <\/div>\r\n\t    \t\t\t\t<\/div>\n\t\t\t\t<\/div>\n\t\t\t\t<\/div>\n\t\t<div class=\"elementor-element elementor-element-8102846 e-con-full e-flex e-con e-child\" data-id=\"8102846\" data-element_type=\"container\" data-e-type=\"container\">\n\t\t\t\t<div class=\"elementor-element elementor-element-1e83777 elementor-widget elementor-widget-image\" data-id=\"1e83777\" data-element_type=\"widget\" data-e-type=\"widget\" data-widget_type=\"image.default\">\n\t\t\t\t\t\t\t\t\t\t\t\t\t\t\t<img decoding=\"async\" width=\"641\" height=\"1024\" src=\"https:\/\/restaurant-wildermann.at\/wp-content\/uploads\/2025\/08\/wilder-mann-about-us-2-641x1024.jpg\" class=\"attachment-large size-large wp-image-7756\" alt=\"\" srcset=\"https:\/\/restaurant-wildermann.at\/wp-content\/uploads\/2025\/08\/wilder-mann-about-us-2-641x1024.jpg 641w, https:\/\/restaurant-wildermann.at\/wp-content\/uploads\/2025\/08\/wilder-mann-about-us-2-188x300.jpg 188w, https:\/\/restaurant-wildermann.at\/wp-content\/uploads\/2025\/08\/wilder-mann-about-us-2-768x1228.jpg 768w, https:\/\/restaurant-wildermann.at\/wp-content\/uploads\/2025\/08\/wilder-mann-about-us-2-961x1536.jpg 961w, https:\/\/restaurant-wildermann.at\/wp-content\/uploads\/2025\/08\/wilder-mann-about-us-2.jpg 1281w\" sizes=\"(max-width: 641px) 100vw, 641px\" \/>\t\t\t\t\t\t\t\t\t\t\t\t\t\t\t<\/div>\n\t\t\t\t<\/div>\n\t\t\t\t<\/div>\n\t\t\t\t\t<\/div>\n\t\t\t\t<\/div>\n\t\t<div class=\"elementor-element elementor-element-cd3943a e-flex e-con-boxed e-con e-parent\" data-id=\"cd3943a\" data-element_type=\"container\" data-e-type=\"container\" data-settings=\"{&quot;background_background&quot;:&quot;classic&quot;}\">\n\t\t\t\t\t<div class=\"e-con-inner\">\n\t\t\t\t<div class=\"elementor-element elementor-element-9c6c8f8 elementor-widget elementor-widget-image\" data-id=\"9c6c8f8\" data-element_type=\"widget\" data-e-type=\"widget\" data-widget_type=\"image.default\">\n\t\t\t\t\t\t\t\t\t\t\t\t\t\t\t<img loading=\"lazy\" decoding=\"async\" width=\"1221\" height=\"1717\" src=\"https:\/\/restaurant-wildermann.at\/wp-content\/uploads\/2026\/04\/Screenshot-2026-04-26-131906.png\" class=\"attachment-full size-full wp-image-8249\" alt=\"\" srcset=\"https:\/\/restaurant-wildermann.at\/wp-content\/uploads\/2026\/04\/Screenshot-2026-04-26-131906.png 1221w, https:\/\/restaurant-wildermann.at\/wp-content\/uploads\/2026\/04\/Screenshot-2026-04-26-131906-213x300.png 213w, https:\/\/restaurant-wildermann.at\/wp-content\/uploads\/2026\/04\/Screenshot-2026-04-26-131906-728x1024.png 728w, https:\/\/restaurant-wildermann.at\/wp-content\/uploads\/2026\/04\/Screenshot-2026-04-26-131906-768x1080.png 768w, https:\/\/restaurant-wildermann.at\/wp-content\/uploads\/2026\/04\/Screenshot-2026-04-26-131906-1092x1536.png 1092w\" sizes=\"(max-width: 1221px) 100vw, 1221px\" \/>\t\t\t\t\t\t\t\t\t\t\t\t\t\t\t<\/div>\n\t\t\t\t\t<\/div>\n\t\t\t\t<\/div>\n\t\t<div class=\"elementor-element elementor-element-621f9b7 e-flex e-con-boxed e-con e-parent\" data-id=\"621f9b7\" data-element_type=\"container\" data-e-type=\"container\">\n\t\t\t\t\t<div class=\"e-con-inner\">\n\t\t\t\t<div class=\"elementor-element elementor-element-d03d621 elementor-widget elementor-widget-text-editor\" data-id=\"d03d621\" data-element_type=\"widget\" data-e-type=\"widget\" data-widget_type=\"text-editor.default\">\n\t\t\t\t\t\t\t\t\t<p>( Allergeninformation )<br \/>A-glutenhaltiges Getreide, B- Krebstiere, C- Ei, D- Fisch, E- Erdnuss, F- Soja, G- Milch und Laktose, H- Schalenfr\u00fcchte, L- Sellerie, M- Senf, N- Sesam, O- Sulfite, P- Lupinen, R- Weichtiere\u00a0Trotz sorgf\u00e4ltiger Herstellung unserer Gerichte k\u00f6nnen neben gekennzeichneten Zutaten Spuren anderer Stoffe enthalten sein, die im Produktionsprozess in der K\u00fcche verwendet werden.<\/p>\t\t\t\t\t\t\t\t<\/div>\n\t\t\t\t\t<\/div>\n\t\t\t\t<\/div>\n\t\t<div class=\"elementor-element elementor-element-e72685a e-flex e-con-boxed e-con e-parent\" data-id=\"e72685a\" data-element_type=\"container\" data-e-type=\"container\" data-settings=\"{&quot;background_background&quot;:&quot;classic&quot;}\">\n\t\t\t\t\t<div class=\"e-con-inner\">\n\t\t<div class=\"elementor-element elementor-element-fc68a44 e-con-full e-flex e-con e-child\" data-id=\"fc68a44\" data-element_type=\"container\" data-e-type=\"container\">\n\t\t<div class=\"elementor-element elementor-element-3b092f7 e-con-full e-flex e-con e-child\" data-id=\"3b092f7\" data-element_type=\"container\" data-e-type=\"container\">\n\t\t\t\t<div class=\"elementor-element elementor-element-ba9918a dots-horizontal elementor-widget elementor-widget-itestimonials2\" data-id=\"ba9918a\" data-element_type=\"widget\" data-e-type=\"widget\" data-widget_type=\"itestimonials2.default\">\n\t\t\t\t<div class=\"elementor-widget-container\">\n\t\t\t\t\t\r\n\t\t<div class=\"xp-testimonials xp-testimonials-carousel-2\" \r\n     data-loop=\"true\" \r\n     data-auto=\"true\" \r\n     data-time=\"7000\" \r\n     data-arrows=\"false\" \r\n     data-dots=\"true\">\r\n\t\t\t<div class=\"owl-carousel owl-theme\">\r\n\t\t\t\t\t\t\t\t<div class=\"testi-item\">\r\n\t\t\t\t\t\t\t\t\t\t<div class=\"ttext\">Alles war super. Sehr gem\u00fctliche Atmosph\u00e4re. Personal war sehr freundlich. Essen war fantastisch. Sehr gro\u00dfe Portion. Wir sind sehr zufrieden.\"<\/div>\t\t\t\r\n\t\t\t\t\t<div class=\"t-head\">\r\n\t\t\t\t\t\t<div class=\"tinfo\">\r\n\t\t\t\t\t\t\t<h6>Noemi Apro<\/h6>\t\t\t\t\t\t\t<span>Kunde<\/span>\t\t\t\t\t\t<\/div>\r\n\t\t\t\t\t<\/div>\r\n\t\t\t\t<\/div>\r\n\t\t\t\t\t\t\t\t<div class=\"testi-item\">\r\n\t\t\t\t\t\t\t\t\t\t<div class=\"ttext\">\"Super leckeres Essen und Trinken einfach nur zu Empfehlen.\"<\/div>\t\t\t\r\n\t\t\t\t\t<div class=\"t-head\">\r\n\t\t\t\t\t\t<div class=\"tinfo\">\r\n\t\t\t\t\t\t\t<h6>Alfred Ziniel<\/h6>\t\t\t\t\t\t\t<span>Kunde<\/span>\t\t\t\t\t\t<\/div>\r\n\t\t\t\t\t<\/div>\r\n\t\t\t\t<\/div>\r\n\t\t\t\t\t\t\t\t<div class=\"testi-item\">\r\n\t\t\t\t\t\t\t\t\t\t<div class=\"ttext\">Gem\u00fctliche Gastst\u00e4tte mit netter Bedienung. Das Essen (halbe Ente) war sehr lecker. Die Portion sehr gro\u00df.\"<\/div>\t\t\t\r\n\t\t\t\t\t<div class=\"t-head\">\r\n\t\t\t\t\t\t<div class=\"tinfo\">\r\n\t\t\t\t\t\t\t<h6>Stefan Polke<\/h6>\t\t\t\t\t\t\t<span>Kunde<\/span>\t\t\t\t\t\t<\/div>\r\n\t\t\t\t\t<\/div>\r\n\t\t\t\t<\/div>\r\n\t\t\t\t\t\t\t<\/div>\t\t\t\t\r\n\t    <\/div>\r\n\r\n\t    \t\t\t\t<\/div>\n\t\t\t\t<\/div>\n\t\t\t\t<\/div>\n\t\t\t\t<\/div>\n\t\t\t\t\t<\/div>\n\t\t\t\t<\/div>\n\t\t<div class=\"elementor-element elementor-element-829686d e-flex e-con-boxed e-con e-parent\" data-id=\"829686d\" data-element_type=\"container\" data-e-type=\"container\">\n\t\t\t\t\t<div class=\"e-con-inner\">\n\t\t\t\t\t<\/div>\n\t\t\t\t<\/div>\n\t\t\t\t<\/div>\n\t\t","protected":false},"excerpt":{"rendered":"<p>SEIT 1884 Wilder Mann \u00dcber uns Die Sage vom \u201eWilden Mann\u201d Es handelt sich hier um die Sage der Entstehung unseres Gasthauses die wir Ihnen, mit einem Augenzwinkern, nat\u00fcrlich nicht vorenthalten wollen. Lesen Sie unsere Geschichte ( Allergeninformation )A-glutenhaltiges Getreide, B- Krebstiere, C- Ei, D- Fisch, E- Erdnuss, F- Soja, G- Milch und Laktose, H- [&hellip;]<\/p>\n","protected":false},"author":1,"featured_media":0,"parent":0,"menu_order":0,"comment_status":"closed","ping_status":"closed","template":"","meta":{"footnotes":""},"class_list":["post-4464","page","type-page","status-publish","hentry"],"_links":{"self":[{"href":"https:\/\/restaurant-wildermann.at\/index.php?rest_route=\/wp\/v2\/pages\/4464","targetHints":{"allow":["GET"]}}],"collection":[{"href":"https:\/\/restaurant-wildermann.at\/index.php?rest_route=\/wp\/v2\/pages"}],"about":[{"href":"https:\/\/restaurant-wildermann.at\/index.php?rest_route=\/wp\/v2\/types\/page"}],"author":[{"embeddable":true,"href":"https:\/\/restaurant-wildermann.at\/index.php?rest_route=\/wp\/v2\/users\/1"}],"replies":[{"embeddable":true,"href":"https:\/\/restaurant-wildermann.at\/index.php?rest_route=%2Fwp%2Fv2%2Fcomments&post=4464"}],"version-history":[{"count":159,"href":"https:\/\/restaurant-wildermann.at\/index.php?rest_route=\/wp\/v2\/pages\/4464\/revisions"}],"predecessor-version":[{"id":8252,"href":"https:\/\/restaurant-wildermann.at\/index.php?rest_route=\/wp\/v2\/pages\/4464\/revisions\/8252"}],"wp:attachment":[{"href":"https:\/\/restaurant-wildermann.at\/index.php?rest_route=%2Fwp%2Fv2%2Fmedia&parent=4464"}],"curies":[{"name":"wp","href":"https:\/\/api.w.org\/{rel}","templated":true}]}}